{"id":231686,"date":"2021-11-01T02:00:43","date_gmt":"2021-11-01T02:00:43","guid":{"rendered":"https:\/\/www.enspirefx.com\/?page_id=231686"},"modified":"2025-08-04T21:11:31","modified_gmt":"2025-08-04T21:11:31","slug":"politique-de-confidentialite","status":"publish","type":"page","link":"https:\/\/enspirefx.com\/fr\/privacy-policy\/","title":{"rendered":"Politique de confidentialit\u00e9"},"content":{"rendered":"<p>Les sites web d'EnspireFX s'engagent \u00e0 respecter et \u00e0 prot\u00e9ger la vie priv\u00e9e de leurs clients et visiteurs. Cette politique de confidentialit\u00e9 explique ce qu'il advient des donn\u00e9es personnelles que vous nous fournissez ou que nous recueillons aupr\u00e8s de vous lorsque vous visitez notre site web. Nous mettons cette politique \u00e0 jour de temps \u00e0 autre, veuillez donc la consulter r\u00e9guli\u00e8rement.<\/p>\n\n\n\n<h4 class=\"wp-block-heading\">Que collectons-nous ?<\/h4>\n\n\n\n<p>Nous recueillons des informations telles que votre nom, le nom de votre organisation, votre adresse \u00e9lectronique, votre num\u00e9ro de t\u00e9l\u00e9phone, votre num\u00e9ro de portable, votre adresse physique, votre adresse postale, votre adresse IP et d'autres informations de contact ou relatives au projet, uniquement \u00e0 des fins internes.<\/p>\n\n\n\n<h4 class=\"wp-block-heading\">Quand recueillons-nous vos informations ?<\/h4>\n\n\n\n<p>Nous recueillons des informations aupr\u00e8s de vous via notre site Web lorsque vous passez une commande, remplissez un formulaire, utilisez notre chat en direct ou saisissez des informations sur notre site Web. Nous pouvons \u00e9galement recueillir des informations personnelles par t\u00e9l\u00e9phone, par courrier \u00e9lectronique, par le biais de documents promotionnels ou lors d'une rencontre avec un repr\u00e9sentant des sites Web d'EnspireFX.<\/p>\n\n\n\n<h4 class=\"wp-block-heading\">Pourquoi recueillons-nous vos informations ?<\/h4>\n\n\n\n<p>Ce qui suit vous indique l'objectif que nous poursuivons en collectant des informations personnelles :<\/p>\n\n\n\n<ol class=\"wp-block-list\">\n<li>Pour vous fournir un service professionnel, efficace et personnalis\u00e9.<\/li>\n\n\n\n<li>Pour faciliter le traitement des commandes et l'envoi d'informations et de mises \u00e0 jour concernant les commandes.<\/li>\n\n\n\n<li>pour vous envoyer des informations, r\u00e9pondre \u00e0 des demandes de renseignements et\/ou \u00e0 d'autres demandes ou questions<\/li>\n<\/ol>\n\n\n\n<h4 class=\"wp-block-heading\">Comment utilisons-nous vos informations ?<\/h4>\n\n\n\n<p>Nous utilisons les informations que nous recueillons aupr\u00e8s de vous pour vous fournir nos services et pour vous fournir les informations que vous nous demandez concernant nos produits ou services.<\/p>\n\n\n\n<p>Nous pouvons utiliser vos informations personnelles pour communiquer avec vous par courrier \u00e9lectronique, t\u00e9l\u00e9phone, bulletins d'information et courrier direct. Nous pouvons \u00e9galement les utiliser pour vous fournir des mises \u00e0 jour importantes, des invitations ou \u00e0 toute autre fin administrative.<\/p>\n\n\n\n<h4 class=\"wp-block-heading\">Avec qui partageons-nous vos informations ?<\/h4>\n\n\n\n<p>Nous ne divulguons pas et ne divulguerons jamais les informations personnelles que vous nous fournissez \u00e0 des tiers sans votre autorisation, sauf si cela est n\u00e9cessaire pour que nous puissions vous fournir nos services ou si la loi l'exige.<\/p>\n\n\n\n<p>Nous pouvons utiliser vos informations personnelles pour vous envoyer des informations promotionnelles sur des tiers que nous pensons susceptibles de vous int\u00e9resser ou, dans le cadre des services que nous vous proposons, nous pouvons partager vos informations avec nos sous-traitants, partenaires ou affili\u00e9s avec lesquels nous avons sign\u00e9 un accord de confidentialit\u00e9. Nous ne vendrons, ne louerons ni ne distribuerons vos informations personnelles \u00e0 aucune organisation tierce sans votre consentement pr\u00e9alable.<\/p>\n\n\n\n<h4 class=\"wp-block-heading\">Qu'est-ce qu'un \u2018cookie\u2019 ?<\/h4>\n\n\n\n<p>Les cookies sont de petits fichiers qu'un site web peut envoyer \u00e0 votre ordinateur et qui peuvent \u00eatre stock\u00e9s sur votre disque dur ou dans la m\u00e9moire de votre navigateur. Les cookies stockent des informations sur vos pr\u00e9f\u00e9rences sur un site web particulier et sont g\u00e9n\u00e9ralement utilis\u00e9s \u00e0 des fins de suivi.<\/p>\n\n\n\n<p>Nous n'utilisons pas de cookies sur notre site web.<\/p>\n\n\n\n<h4 class=\"wp-block-heading\">Liens avec des tiers<\/h4>\n\n\n\n<p>Occasionnellement, nous pouvons inclure des liens vers des tiers sur notre site web. Lorsque nous fournissons un lien, cela ne signifie pas que nous soutenons ou approuvons la politique de ce site en mati\u00e8re de protection de la vie priv\u00e9e des visiteurs. Il est conseill\u00e9 de consulter leur politique de confidentialit\u00e9 avant de leur envoyer des donn\u00e9es personnelles. N\u00e9anmoins, nous cherchons \u00e0 prot\u00e9ger l'int\u00e9grit\u00e9 de notre site et nous accueillons volontiers tout commentaire sur ces sites.<\/p>\n\n\n\n<h4 class=\"wp-block-heading\">Loi CAN-SPAM<\/h4>\n\n\n\n<p>La loi CAN-SPAM fixe les r\u00e8gles applicables au courrier \u00e9lectronique commercial, \u00e9tablit des exigences pour les messages commerciaux, donne aux destinataires le droit de faire cesser l'envoi de courriers \u00e9lectroniques et pr\u00e9voit des sanctions s\u00e9v\u00e8res en cas d'infraction.<\/p>\n\n\n\n<h5 class=\"wp-block-heading\">Pour \u00eatre en conformit\u00e9 avec CAN-SPAM, nous acceptons ce qui suit :<\/h5>\n\n\n\n<p><em>Pour ne plus recevoir de courriers \u00e9lectroniques, envoyez-nous un courrier \u00e9lectronique \u00e0 l'adresse suivante <a href=\"mailto:contact@enspirefx.com\" target=\"_blank\" rel=\"noreferrer noopener\">contact@enspirefx.com<\/a>,et nous supprimerons rapidement vos donn\u00e9es de la correspondance.<\/em><\/p>","protected":false},"excerpt":{"rendered":"<p>At EnspireFX Websites, we are committed to respecting and protecting the privacy of our clients and visitors. This privacy policy explains what happens to any personal data that you provide to us, or that we collect from you whilst you visit our website. We update this policy from time to time, so please review this&#8230;<\/p>","protected":false},"author":1,"featured_media":0,"parent":0,"menu_order":100,"comment_status":"closed","ping_status":"closed","template":"","meta":{"_acf_changed":false,"_kad_blocks_custom_css":"","_kad_blocks_head_custom_js":"","_kad_blocks_body_custom_js":"","_kad_blocks_footer_custom_js":"","_kad_post_transparent":"","_kad_post_title":"","_kad_post_layout":"","_kad_post_sidebar_id":"","_kad_post_content_style":"","_kad_post_vertical_padding":"","_kad_post_feature":"","_kad_post_feature_position":"","_kad_post_header":false,"_kad_post_footer":false,"_kad_post_classname":"","footnotes":""},"class_list":["post-231686","page","type-page","status-publish","hentry"],"acf":[],"taxonomy_info":[],"featured_image_src_large":false,"author_info":{"display_name":"Dennis Gyamfi","author_link":"#"},"comment_info":0,"_links":{"self":[{"href":"https:\/\/enspirefx.com\/fr\/wp-json\/wp\/v2\/pages\/231686","targetHints":{"allow":["GET"]}}],"collection":[{"href":"https:\/\/enspirefx.com\/fr\/wp-json\/wp\/v2\/pages"}],"about":[{"href":"https:\/\/enspirefx.com\/fr\/wp-json\/wp\/v2\/types\/page"}],"author":[{"embeddable":true,"href":"https:\/\/enspirefx.com\/fr\/wp-json\/wp\/v2\/users\/1"}],"replies":[{"embeddable":true,"href":"https:\/\/enspirefx.com\/fr\/wp-json\/wp\/v2\/comments?post=231686"}],"version-history":[{"count":0,"href":"https:\/\/enspirefx.com\/fr\/wp-json\/wp\/v2\/pages\/231686\/revisions"}],"wp:attachment":[{"href":"https:\/\/enspirefx.com\/fr\/wp-json\/wp\/v2\/media?parent=231686"}],"curies":[{"name":"wp","href":"https:\/\/api.w.org\/{rel}","templated":true}]}}